{"id":27,"date":"2020-10-09T08:24:56","date_gmt":"2020-10-09T06:24:56","guid":{"rendered":"http:\/\/lafermu.cluster026.hosting.ovh.net\/?page_id=27"},"modified":"2020-10-22T13:35:18","modified_gmt":"2020-10-22T11:35:18","slug":"la-ferme-pacifique","status":"publish","type":"page","link":"https:\/\/lafermepacifique.fr\/index.php\/la-ferme-pacifique\/","title":{"rendered":"La Ferme Pacifique Camargue"},"content":{"rendered":"\n<p><\/p>\n\n\n\n<div class=\"wp-block-group text-la-ferme\"><div class=\"wp-block-group__inner-container is-layout-flow wp-block-group-is-layout-flow\">\n<div class=\"wp-block-image is-style-rounded\"><figure class=\"aligncenter size-medium is-resized\"><img loading=\"lazy\" decoding=\"async\" src=\"https:\/\/lafermepacifique.fr\/wp-content\/uploads\/2020\/10\/Barmaids-chez-Tiki-300x284.jpg\" alt=\"Barmaids chez Tiki\" class=\"wp-image-435\" width=\"219\" height=\"207\" srcset=\"https:\/\/lafermepacifique.fr\/wp-content\/uploads\/2020\/10\/Barmaids-chez-Tiki-300x284.jpg 300w, https:\/\/lafermepacifique.fr\/wp-content\/uploads\/2020\/10\/Barmaids-chez-Tiki-1024x970.jpg 1024w, https:\/\/lafermepacifique.fr\/wp-content\/uploads\/2020\/10\/Barmaids-chez-Tiki-768x728.jpg 768w, https:\/\/lafermepacifique.fr\/wp-content\/uploads\/2020\/10\/Barmaids-chez-Tiki-1536x1455.jpg 1536w, https:\/\/lafermepacifique.fr\/wp-content\/uploads\/2020\/10\/Barmaids-chez-Tiki-63x60.jpg 63w, https:\/\/lafermepacifique.fr\/wp-content\/uploads\/2020\/10\/Barmaids-chez-Tiki-24x24.jpg 24w, https:\/\/lafermepacifique.fr\/wp-content\/uploads\/2020\/10\/Barmaids-chez-Tiki.jpg 1824w\" sizes=\"auto, (max-width: 219px) 100vw, 219px\" \/><\/figure><\/div>\n\n\n\n<h2 class=\"has-text-align-center soustitre-ferme wp-block-heading\">Bienvenue \u00e0 la Ferme Pacifique Camargue<\/h2>\n\n\n\n<hr class=\"wp-block-separator is-style-dots\"\/>\n\n\n\n<p>Notre r\u00eave est devenu r\u00e9alit\u00e9 quand nous avons trouv\u00e9 l&#8217;endroit id\u00e9al pour cr\u00e9er notre ferme en juillet 2019. Inspir\u00e9s par de multiples voyages, notamment c\u00f4t\u00e9 Pacifique, nous sommes tomb\u00e9s sous le charme de la nature sauvage de la Camargue et avons voulu cr\u00e9er un concept original : un cocktail de couleurs, de plantes et d&#8217;animaux dans une ambiance Tiki sous le soleil camarguais !<\/p>\n\n\n\n<p>Apres un an de travaux, la Ferme Pacifique Camargue a enfin \u00e9t\u00e9 inaugur\u00e9e le 4 juillet 2020.<br>Nous y avons install\u00e9 des alpagas, un lama, des paons et des poules de races diff\u00e9rentes. Nous proposons de multiples activit\u00e9s sur r\u00e9servation ouverts \u00e0 toute personne souhaitant d\u00e9couvrir les alpagas, ou tout simplement passer un moment privil\u00e9gi\u00e9 \u00e0 la ferme en sirotant un cocktail exotique, un smoothie ou un brunch \u2026<\/p>\n\n\n\n<p>Consultez le site r\u00e9guli\u00e8rement pour voir les actualit\u00e9s et les nouveaut\u00e9s, et pensez a r\u00e9server. Toutes nos activit\u00e9s sont priv\u00e9es avec des places limit\u00e9es pour le bien-\u00eatre des animaux et pour que vous puissiez profiter pleinement de votre visite !<\/p>\n\n\n\n<p class=\"has-text-color\" style=\"color:#3b3636\">A bient\u00f4t \u00e0 La Ferme Pacifique Camargue ! <strong>Boelle et Bernard BRIAU<\/strong><\/p>\n\n\n\n<hr class=\"wp-block-separator is-style-dots\"\/>\n<\/div><\/div>\n\n\n\r\n\t<div class=\"bdp-post-slider-wrp bdp-clearfix\">\r\n\t\t<div class=\"bdp-post-slider bdp-design-1\"  id=\"bdp-slider-1\">\r\n\t\t\t<div class=\"bdp-post-slides\">\r\n\t<div class=\"bdp-post-image-bg\" style=\"background-image: url(); \">\r\n\t\t<div class=\"bdp-post-overlay\">\r\n\t\t\r\n\t\t<h2 class=\"bdp-post-title\">\r\n\t\t\t<a href=\"https:\/\/lafermepacifique.fr\/index.php\/2026\/05\/12\/boite-e-mail-h-s\/\">!! Bo\u00eete e-mail H.S.<\/a>\r\n\t\t<\/h2>\r\n\r\n\t\t\t\t\t<div class=\"bdp-post-meta\">\r\n\t\t\t\t\t\t\t\t\t\t\t\t\t\t\t\t\t<span class=\"bdp-post-meta-innr bdp-time\"> 12 mai 2026 <\/span>\r\n\t\t\t\t\t\t\t\t\t\t\t\t\t\t\t<\/div>\r\n\t\t\t\t\t<div class=\"bdp-post-content\">\r\n\t\t\t\t<div class=\"bdp-post-short-content\">Merci de m'appeler au 06 62 81 29 78 pour des informations concernant nos activit\u00e9s. Merci de votre compr\u00e9hension et...<\/div>\t\t\t\t\r\n\t\t\t\t\t\t\t\t<a href=\"https:\/\/lafermepacifique.fr\/index.php\/2026\/05\/12\/boite-e-mail-h-s\/\" class=\"bdp-readmorebtn\">Lire la suite<\/a>\r\n\t\t\t\t\t\t\t<\/div>\r\n\t\t\t<\/div>\r\n\t<\/div>\t\r\n<\/div>\t\t<\/div>\r\n\t\t<div class=\"bdp-slider-conf\">{&quot;dots&quot;:&quot;false&quot;,&quot;arrows&quot;:&quot;false&quot;,&quot;autoplay&quot;:&quot;false&quot;,&quot;autoplay_interval&quot;:3000,&quot;speed&quot;:600,&quot;loop&quot;:&quot;true&quot;,&quot;design&quot;:&quot;design-1&quot;}<\/div>\r\n\t<\/div>\r\n\r\n\t\n\n\n\n<p><\/p>\n","protected":false},"excerpt":{"rendered":"<p>Bienvenue \u00e0 la Ferme Pacifique Camargue Notre r\u00eave est devenu r\u00e9alit\u00e9 quand nous avons trouv\u00e9 l&#8217;endroit id\u00e9al pour cr\u00e9er notre ferme en juillet 2019. Inspir\u00e9s par de multiples voyages, notamment c\u00f4t\u00e9 Pacifique, nous sommes tomb\u00e9s sous le charme de la nature sauvage de la Camargue et avons voulu cr\u00e9er un concept original : un cocktail de couleurs, de plantes et &hellip; <\/p>\n","protected":false},"author":1,"featured_media":135,"parent":0,"menu_order":0,"comment_status":"closed","ping_status":"closed","template":"","meta":{"footnotes":""},"class_list":["post-27","page","type-page","status-publish","has-post-thumbnail","hentry"],"_links":{"self":[{"href":"https:\/\/lafermepacifique.fr\/index.php\/wp-json\/wp\/v2\/pages\/27","targetHints":{"allow":["GET"]}}],"collection":[{"href":"https:\/\/lafermepacifique.fr\/index.php\/wp-json\/wp\/v2\/pages"}],"about":[{"href":"https:\/\/lafermepacifique.fr\/index.php\/wp-json\/wp\/v2\/types\/page"}],"author":[{"embeddable":true,"href":"https:\/\/lafermepacifique.fr\/index.php\/wp-json\/wp\/v2\/users\/1"}],"replies":[{"embeddable":true,"href":"https:\/\/lafermepacifique.fr\/index.php\/wp-json\/wp\/v2\/comments?post=27"}],"version-history":[{"count":44,"href":"https:\/\/lafermepacifique.fr\/index.php\/wp-json\/wp\/v2\/pages\/27\/revisions"}],"predecessor-version":[{"id":568,"href":"https:\/\/lafermepacifique.fr\/index.php\/wp-json\/wp\/v2\/pages\/27\/revisions\/568"}],"wp:featuredmedia":[{"embeddable":true,"href":"https:\/\/lafermepacifique.fr\/index.php\/wp-json\/wp\/v2\/media\/135"}],"wp:attachment":[{"href":"https:\/\/lafermepacifique.fr\/index.php\/wp-json\/wp\/v2\/media?parent=27"}],"curies":[{"name":"wp","href":"https:\/\/api.w.org\/{rel}","templated":true}]}}