{"id":226,"date":"2020-10-12T09:46:08","date_gmt":"2020-10-12T07:46:08","guid":{"rendered":"https:\/\/lafermepacifique.fr\/?page_id=226"},"modified":"2020-10-19T18:41:40","modified_gmt":"2020-10-19T16:41:40","slug":"blog","status":"publish","type":"page","link":"https:\/\/lafermepacifique.fr\/index.php\/blog\/","title":{"rendered":"Blog"},"content":{"rendered":"\r\n\t\t<div class=\"bdp-post-grid-main bdp-design-1 bdpgrid-3 bdp-clearfix\">\t\t\t\r\n\t\t\t<div class=\"bdp-post-grid  bdp-medium-4 bdp-columns  bdp-first\">\t\t\r\n\t<div class=\"bdp-post-grid-content bdp-no-thumb-image\">\r\n\t\t\r\n\t\t<h2 class=\"bdp-post-title\">\r\n\t\t\t<a href=\"https:\/\/lafermepacifique.fr\/index.php\/2022\/08\/15\/3-ans-plus-tard\/\">3 ans plus tard&#8230;<\/a>\r\n\t\t<\/h2>\r\n\r\n\t\t\t\t\t<div class=\"bdp-post-meta\">\r\n\t\t\t\t\t\t\t\t\t<span class=\"bdp-post-meta-innr bdp-user-img\">Bo\u00eblle Briau<\/span>\r\n\t\t\t\t\t\t\t\t<span class=\"bdpp-post-meta-sep\">\/<\/span>\t\t\t\t\t\t\t\t\t<span class=\"bdp-post-meta-innr bdp-time\"> 15 ao\u00fbt 2022 <\/span>\r\n\t\t\t\t\t\t\t\t\t\t\t\t\t\r\n\t\t\t<\/div>\r\n\t\t\t\t\t<div class=\"bdp-post-content\">\r\n\t\t\t\t<div class=\"bdp-post-short-content\">Un choix de vie&nbsp;\u2026 La suite Trois ans sont pass\u00e9s depuis la cr\u00e9ation de notre Ferme en Camargue. Les premiers...<\/div>\r\n\t\t\t\t\t\t\t\t\t<a href=\"https:\/\/lafermepacifique.fr\/index.php\/2022\/08\/15\/3-ans-plus-tard\/\" class=\"bdp-readmorebtn\">Lire la suite<\/a>\r\n\t\t\t\t\t\t\t<\/div>\r\n\t\t\t<\/div>\r\n<\/div><div class=\"bdp-post-grid  bdp-medium-4 bdp-columns \">\t\t\r\n\t<div class=\"bdp-post-grid-content \">\r\n\t\t\t\t<div class=\"bdp-post-image-bg\">\r\n\t\t\t<a href=\"https:\/\/lafermepacifique.fr\/index.php\/2020\/11\/23\/un-choix-de-vie\/\">\r\n\t\t\t\t<img decoding=\"async\" src=\"https:\/\/lafermepacifique.fr\/wp-content\/uploads\/2020\/10\/original-10-1-e1602594186955.jpeg\" alt=\"Un choix de vie\" \/>\r\n\t\t\t<\/a>\r\n\t\t<\/div>\r\n\t\t\r\n\t\t<h2 class=\"bdp-post-title\">\r\n\t\t\t<a href=\"https:\/\/lafermepacifique.fr\/index.php\/2020\/11\/23\/un-choix-de-vie\/\">Un choix de vie<\/a>\r\n\t\t<\/h2>\r\n\r\n\t\t\t\t\t<div class=\"bdp-post-meta\">\r\n\t\t\t\t\t\t\t\t\t<span class=\"bdp-post-meta-innr bdp-user-img\">Bo\u00eblle Briau<\/span>\r\n\t\t\t\t\t\t\t\t<span class=\"bdpp-post-meta-sep\">\/<\/span>\t\t\t\t\t\t\t\t\t<span class=\"bdp-post-meta-innr bdp-time\"> 23 novembre 2020 <\/span>\r\n\t\t\t\t\t\t\t\t<span class=\"bdpp-post-meta-sep\">\/<\/span>\t\t\t\t\t\t\t\t\t<span class=\"bdp-post-meta-innr bdp-post-comments\">\r\n\t\t\t\t\t\t<a href=\"https:\/\/lafermepacifique.fr\/index.php\/2020\/11\/23\/un-choix-de-vie\/#comments\">1 R\u00e9ponse <\/a>\r\n\t\t\t\t\t<\/span>\r\n\t\t\t\t\t\r\n\t\t\t<\/div>\r\n\t\t\t\t\t<div class=\"bdp-post-content\">\r\n\t\t\t\t<div class=\"bdp-post-short-content\">Comment est n\u00e9 le projet de la Ferme&nbsp;? On peut dire que cela a d\u00e9but\u00e9 petit \u00e0 petit il y...<\/div>\r\n\t\t\t\t\t\t\t\t\t<a href=\"https:\/\/lafermepacifique.fr\/index.php\/2020\/11\/23\/un-choix-de-vie\/\" class=\"bdp-readmorebtn\">Lire la suite<\/a>\r\n\t\t\t\t\t\t\t<\/div>\r\n\t\t\t\t\t<div class=\"bdp-post-tags\"> <a href=\"https:\/\/lafermepacifique.fr\/index.php\/tag\/blog\/\" rel=\"tag\">Blog<\/a><\/div>\r\n\t\t\t<\/div>\r\n<\/div><div class=\"bdp-post-grid  bdp-medium-4 bdp-columns \">\t\t\r\n\t<div class=\"bdp-post-grid-content \">\r\n\t\t\t\t<div class=\"bdp-post-image-bg\">\r\n\t\t\t<a href=\"https:\/\/lafermepacifique.fr\/index.php\/2020\/08\/21\/peecoq-et-princesse\/\">\r\n\t\t\t\t<img decoding=\"async\" src=\"https:\/\/lafermepacifique.fr\/wp-content\/uploads\/2020\/10\/paons-presentation.png\" alt=\"Peecoq et Princesse\" \/>\r\n\t\t\t<\/a>\r\n\t\t<\/div>\r\n\t\t\r\n\t\t<h2 class=\"bdp-post-title\">\r\n\t\t\t<a href=\"https:\/\/lafermepacifique.fr\/index.php\/2020\/08\/21\/peecoq-et-princesse\/\">Peecoq et Princesse<\/a>\r\n\t\t<\/h2>\r\n\r\n\t\t\t\t\t<div class=\"bdp-post-meta\">\r\n\t\t\t\t\t\t\t\t\t<span class=\"bdp-post-meta-innr bdp-user-img\">Bo\u00eblle Briau<\/span>\r\n\t\t\t\t\t\t\t\t<span class=\"bdpp-post-meta-sep\">\/<\/span>\t\t\t\t\t\t\t\t\t<span class=\"bdp-post-meta-innr bdp-time\"> 21 ao\u00fbt 2020 <\/span>\r\n\t\t\t\t\t\t\t\t\t\t\t\t\t\r\n\t\t\t<\/div>\r\n\t\t\t\t\t<div class=\"bdp-post-content\">\r\n\t\t\t\t<div class=\"bdp-post-short-content\">jeune couple de paons blancs. Peecoq commence d\u00e9j\u00e0 \u00e0 faire la roue !! Ungt par vita p\u00e5f\u00e5glar. Tuppen b\u00f6rjar redan...<\/div>\r\n\t\t\t\t\t\t\t\t\t<a href=\"https:\/\/lafermepacifique.fr\/index.php\/2020\/08\/21\/peecoq-et-princesse\/\" class=\"bdp-readmorebtn\">Lire la suite<\/a>\r\n\t\t\t\t\t\t\t<\/div>\r\n\t\t\t\t\t<div class=\"bdp-post-tags\"> <a href=\"https:\/\/lafermepacifique.fr\/index.php\/tag\/blog\/\" rel=\"tag\">Blog<\/a><\/div>\r\n\t\t\t<\/div>\r\n<\/div><div class=\"bdp-post-grid  bdp-medium-4 bdp-columns  bdp-first\">\t\t\r\n\t<div class=\"bdp-post-grid-content \">\r\n\t\t\t\t<div class=\"bdp-post-image-bg\">\r\n\t\t\t<a href=\"https:\/\/lafermepacifique.fr\/index.php\/2020\/08\/18\/brume-de-pacifique-camargue\/\">\r\n\t\t\t\t<img decoding=\"async\" src=\"https:\/\/lafermepacifique.fr\/wp-content\/uploads\/2020\/10\/original-19.jpeg\" alt=\"Brume de Pacifique Camargue\" \/>\r\n\t\t\t<\/a>\r\n\t\t<\/div>\r\n\t\t\r\n\t\t<h2 class=\"bdp-post-title\">\r\n\t\t\t<a href=\"https:\/\/lafermepacifique.fr\/index.php\/2020\/08\/18\/brume-de-pacifique-camargue\/\">Brume de Pacifique Camargue<\/a>\r\n\t\t<\/h2>\r\n\r\n\t\t\t\t\t<div class=\"bdp-post-meta\">\r\n\t\t\t\t\t\t\t\t\t<span class=\"bdp-post-meta-innr bdp-user-img\">Bo\u00eblle Briau<\/span>\r\n\t\t\t\t\t\t\t\t<span class=\"bdpp-post-meta-sep\">\/<\/span>\t\t\t\t\t\t\t\t\t<span class=\"bdp-post-meta-innr bdp-time\"> 18 ao\u00fbt 2020 <\/span>\r\n\t\t\t\t\t\t\t\t\t\t\t\t\t\r\n\t\t\t<\/div>\r\n\t\t\t\t\t<div class=\"bdp-post-content\">\r\n\t\t\t\t<div class=\"bdp-post-short-content\">n\u00e9e le 18 ao\u00fbt 2020<\/div>\r\n\t\t\t\t\t\t\t\t\t<a href=\"https:\/\/lafermepacifique.fr\/index.php\/2020\/08\/18\/brume-de-pacifique-camargue\/\" class=\"bdp-readmorebtn\">Lire la suite<\/a>\r\n\t\t\t\t\t\t\t<\/div>\r\n\t\t\t\t\t<div class=\"bdp-post-tags\"> <a href=\"https:\/\/lafermepacifique.fr\/index.php\/tag\/blog\/\" rel=\"tag\">Blog<\/a><\/div>\r\n\t\t\t<\/div>\r\n<\/div><div class=\"bdp-post-grid  bdp-medium-4 bdp-columns \">\t\t\r\n\t<div class=\"bdp-post-grid-content \">\r\n\t\t\t\t<div class=\"bdp-post-image-bg\">\r\n\t\t\t<a href=\"https:\/\/lafermepacifique.fr\/index.php\/2020\/08\/13\/nouveau\/\">\r\n\t\t\t\t<img decoding=\"async\" src=\"https:\/\/lafermepacifique.fr\/wp-content\/uploads\/2020\/10\/original-13.jpeg\" alt=\"Les poules exotiques\" \/>\r\n\t\t\t<\/a>\r\n\t\t<\/div>\r\n\t\t\r\n\t\t<h2 class=\"bdp-post-title\">\r\n\t\t\t<a href=\"https:\/\/lafermepacifique.fr\/index.php\/2020\/08\/13\/nouveau\/\">Les poules exotiques<\/a>\r\n\t\t<\/h2>\r\n\r\n\t\t\t\t\t<div class=\"bdp-post-meta\">\r\n\t\t\t\t\t\t\t\t\t<span class=\"bdp-post-meta-innr bdp-user-img\">Bo\u00eblle Briau<\/span>\r\n\t\t\t\t\t\t\t\t<span class=\"bdpp-post-meta-sep\">\/<\/span>\t\t\t\t\t\t\t\t\t<span class=\"bdp-post-meta-innr bdp-time\"> 13 ao\u00fbt 2020 <\/span>\r\n\t\t\t\t\t\t\t\t\t\t\t\t\t\r\n\t\t\t<\/div>\r\n\t\t\t\t\t<div class=\"bdp-post-content\">\r\n\t\t\t\t<div class=\"bdp-post-short-content\">La Ferme vient d'acqu\u00e9rir des poules Araucana, Batam et poules de soie dans le nouvel espace Poules qui est partage...<\/div>\r\n\t\t\t\t\t\t\t\t\t<a href=\"https:\/\/lafermepacifique.fr\/index.php\/2020\/08\/13\/nouveau\/\" class=\"bdp-readmorebtn\">Lire la suite<\/a>\r\n\t\t\t\t\t\t\t<\/div>\r\n\t\t\t\t\t<div class=\"bdp-post-tags\"> <a href=\"https:\/\/lafermepacifique.fr\/index.php\/tag\/blog\/\" rel=\"tag\">Blog<\/a><\/div>\r\n\t\t\t<\/div>\r\n<\/div>\t\t<\/div>\r\n\r\n\t\t\n\n\n\r\n\t<div class=\"bdp-post-slider-wrp bdp-clearfix\">\r\n\t\t<div class=\"bdp-post-slider bdp-design-1\"  id=\"bdp-slider-1\">\r\n\t\t\t<div class=\"bdp-post-slides\">\r\n\t<div class=\"bdp-post-image-bg\" style=\"background-image: url(); \">\r\n\t\t<div class=\"bdp-post-overlay\">\r\n\t\t\r\n\t\t<h2 class=\"bdp-post-title\">\r\n\t\t\t<a href=\"https:\/\/lafermepacifique.fr\/index.php\/2026\/01\/09\/petit-dejeuner-a-la-ferme\/\">Petit d\u00e9jeuner \u00e0 La Ferme<\/a>\r\n\t\t<\/h2>\r\n\r\n\t\t\t\t\t<div class=\"bdp-post-meta\">\r\n\t\t\t\t\t\t\t\t\t\t\t\t\t\t\t\t\t<span class=\"bdp-post-meta-innr bdp-time\"> 9 janvier 2026 <\/span>\r\n\t\t\t\t\t\t\t\t\t\t\t\t\t\t\t<\/div>\r\n\t\t\t\t\t<div class=\"bdp-post-content\">\r\n\t\t\t\t<div class=\"bdp-post-short-content\">Nouveau : Petite Terrasse couverte plus proche des alpagas<\/div>\t\t\t\t\r\n\t\t\t\t\t\t\t\t<a href=\"https:\/\/lafermepacifique.fr\/index.php\/2026\/01\/09\/petit-dejeuner-a-la-ferme\/\" class=\"bdp-readmorebtn\">Lire la suite<\/a>\r\n\t\t\t\t\t\t\t<\/div>\r\n\t\t\t<\/div>\r\n\t<\/div>\t\r\n<\/div>\t\t<\/div>\r\n\t\t<div class=\"bdp-slider-conf\">{&quot;dots&quot;:&quot;false&quot;,&quot;arrows&quot;:&quot;false&quot;,&quot;autoplay&quot;:&quot;false&quot;,&quot;autoplay_interval&quot;:3000,&quot;speed&quot;:600,&quot;loop&quot;:&quot;true&quot;,&quot;design&quot;:&quot;design-1&quot;}<\/div>\r\n\t<\/div>\r\n\r\n\t\n","protected":false},"excerpt":{"rendered":"","protected":false},"author":1,"featured_media":551,"parent":0,"menu_order":0,"comment_status":"closed","ping_status":"closed","template":"","meta":{"footnotes":""},"class_list":["post-226","page","type-page","status-publish","has-post-thumbnail","hentry"],"_links":{"self":[{"href":"https:\/\/lafermepacifique.fr\/index.php\/wp-json\/wp\/v2\/pages\/226","targetHints":{"allow":["GET"]}}],"collection":[{"href":"https:\/\/lafermepacifique.fr\/index.php\/wp-json\/wp\/v2\/pages"}],"about":[{"href":"https:\/\/lafermepacifique.fr\/index.php\/wp-json\/wp\/v2\/types\/page"}],"author":[{"embeddable":true,"href":"https:\/\/lafermepacifique.fr\/index.php\/wp-json\/wp\/v2\/users\/1"}],"replies":[{"embeddable":true,"href":"https:\/\/lafermepacifique.fr\/index.php\/wp-json\/wp\/v2\/comments?post=226"}],"version-history":[{"count":10,"href":"https:\/\/lafermepacifique.fr\/index.php\/wp-json\/wp\/v2\/pages\/226\/revisions"}],"predecessor-version":[{"id":467,"href":"https:\/\/lafermepacifique.fr\/index.php\/wp-json\/wp\/v2\/pages\/226\/revisions\/467"}],"wp:featuredmedia":[{"embeddable":true,"href":"https:\/\/lafermepacifique.fr\/index.php\/wp-json\/wp\/v2\/media\/551"}],"wp:attachment":[{"href":"https:\/\/lafermepacifique.fr\/index.php\/wp-json\/wp\/v2\/media?parent=226"}],"curies":[{"name":"wp","href":"https:\/\/api.w.org\/{rel}","templated":true}]}}