{"id":19,"date":"2020-10-09T08:22:20","date_gmt":"2020-10-09T06:22:20","guid":{"rendered":"http:\/\/lafermu.cluster026.hosting.ovh.net\/?page_id=19"},"modified":"2023-12-07T17:52:35","modified_gmt":"2023-12-07T16:52:35","slug":"les-animaux-mediateurs","status":"publish","type":"page","link":"https:\/\/lafermepacifique.fr\/index.php\/mediation-animale\/les-animaux-mediateurs\/","title":{"rendered":"Les Animaux M\u00e9diateurs"},"content":{"rendered":"\n<div class=\"wp-block-media-text alignwide is-stacked-on-mobile\"><figure class=\"wp-block-media-text__media\"><img loading=\"lazy\" decoding=\"async\" width=\"798\" height=\"1024\" src=\"https:\/\/lafermepacifique.fr\/wp-content\/uploads\/2022\/12\/ID-Mambo-1-798x1024.jpg\" alt=\"\" class=\"wp-image-713 size-full\" srcset=\"https:\/\/lafermepacifique.fr\/wp-content\/uploads\/2022\/12\/ID-Mambo-1-798x1024.jpg 798w, https:\/\/lafermepacifique.fr\/wp-content\/uploads\/2022\/12\/ID-Mambo-1-234x300.jpg 234w, https:\/\/lafermepacifique.fr\/wp-content\/uploads\/2022\/12\/ID-Mambo-1-768x986.jpg 768w, https:\/\/lafermepacifique.fr\/wp-content\/uploads\/2022\/12\/ID-Mambo-1-47x60.jpg 47w, https:\/\/lafermepacifique.fr\/wp-content\/uploads\/2022\/12\/ID-Mambo-1.jpg 1142w\" sizes=\"auto, (max-width: 798px) 100vw, 798px\" \/><\/figure><div class=\"wp-block-media-text__content\">\n<h4 class=\"wp-block-heading\">Mambo<\/h4>\n\n\n\n<h3 class=\"wp-block-heading\">petit l\u00e9vrier italien (n\u00e9 en 2016)<\/h3>\n\n\n\n<p>Son poil est soyeux. Doux au toucher et brillant comme le satin. Les personnes qui font des allergies le tol\u00e8rent tr\u00e8s bien. Il est tendre, plaisantin et tr\u00e8s affectueux.<\/p>\n<\/div><\/div>\n\n\n\n<div class=\"wp-block-media-text alignwide has-media-on-the-right is-stacked-on-mobile\"><figure class=\"wp-block-media-text__media\"><img loading=\"lazy\" decoding=\"async\" width=\"454\" height=\"420\" src=\"https:\/\/lafermepacifique.fr\/wp-content\/uploads\/2022\/12\/Id-Chiquita-.jpg\" alt=\"\" class=\"wp-image-718 size-full\" srcset=\"https:\/\/lafermepacifique.fr\/wp-content\/uploads\/2022\/12\/Id-Chiquita-.jpg 454w, https:\/\/lafermepacifique.fr\/wp-content\/uploads\/2022\/12\/Id-Chiquita--300x278.jpg 300w, https:\/\/lafermepacifique.fr\/wp-content\/uploads\/2022\/12\/Id-Chiquita--65x60.jpg 65w\" sizes=\"auto, (max-width: 454px) 100vw, 454px\" \/><\/figure><div class=\"wp-block-media-text__content\">\n<h4 class=\"wp-block-heading\">Chiquita<\/h4>\n\n\n\n<h3 class=\"wp-block-heading\">chihuahua \/ shih tzu (n\u00e9e en 2014)<\/h3>\n\n\n\n<p>Tr\u00e8s mignonne avec son poil long et dense et ses grandes oreilles. Elle est joyeuse, c\u00e2line, attachante et adore la compagnie humaine.<\/p>\n<\/div><\/div>\n\n\n\n<div class=\"wp-block-media-text alignwide is-stacked-on-mobile\"><figure class=\"wp-block-media-text__media\"><img loading=\"lazy\" decoding=\"async\" width=\"842\" height=\"1024\" src=\"https:\/\/lafermepacifique.fr\/wp-content\/uploads\/2022\/12\/Saphir-ID-842x1024.jpg\" alt=\"\" class=\"wp-image-703 size-full\" srcset=\"https:\/\/lafermepacifique.fr\/wp-content\/uploads\/2022\/12\/Saphir-ID-842x1024.jpg 842w, https:\/\/lafermepacifique.fr\/wp-content\/uploads\/2022\/12\/Saphir-ID-247x300.jpg 247w, https:\/\/lafermepacifique.fr\/wp-content\/uploads\/2022\/12\/Saphir-ID-768x934.jpg 768w, https:\/\/lafermepacifique.fr\/wp-content\/uploads\/2022\/12\/Saphir-ID-1264x1536.jpg 1264w, https:\/\/lafermepacifique.fr\/wp-content\/uploads\/2022\/12\/Saphir-ID-49x60.jpg 49w, https:\/\/lafermepacifique.fr\/wp-content\/uploads\/2022\/12\/Saphir-ID-480x584.jpg 480w, https:\/\/lafermepacifique.fr\/wp-content\/uploads\/2022\/12\/Saphir-ID.jpg 1368w\" sizes=\"auto, (max-width: 842px) 100vw, 842px\" \/><\/figure><div class=\"wp-block-media-text__content\">\n<h4 class=\"wp-block-heading\">Saphir<\/h4>\n\n\n\n<h3 class=\"wp-block-heading\">lapin extra nain (n\u00e9 en 2021)<\/h3>\n\n\n\n<p>Tr\u00e8s doux tant par sa fourrure que par son caract\u00e8re. Il est habitu\u00e9 \u00e0 \u00eatre manipul\u00e9 et bross\u00e9.<\/p>\n<\/div><\/div>\n\n\n\n<div class=\"wp-block-media-text alignwide has-media-on-the-right is-stacked-on-mobile\" style=\"grid-template-columns:auto 63%\"><figure class=\"wp-block-media-text__media\"><img loading=\"lazy\" decoding=\"async\" width=\"1024\" height=\"640\" src=\"https:\/\/lafermepacifique.fr\/wp-content\/uploads\/2022\/12\/Barbara-pour-site-web-20221206_100631-1024x640.jpg\" alt=\"\" class=\"wp-image-740 size-full\" srcset=\"https:\/\/lafermepacifique.fr\/wp-content\/uploads\/2022\/12\/Barbara-pour-site-web-20221206_100631-1024x640.jpg 1024w, https:\/\/lafermepacifique.fr\/wp-content\/uploads\/2022\/12\/Barbara-pour-site-web-20221206_100631-300x188.jpg 300w, https:\/\/lafermepacifique.fr\/wp-content\/uploads\/2022\/12\/Barbara-pour-site-web-20221206_100631-768x480.jpg 768w, https:\/\/lafermepacifique.fr\/wp-content\/uploads\/2022\/12\/Barbara-pour-site-web-20221206_100631-1536x960.jpg 1536w, https:\/\/lafermepacifique.fr\/wp-content\/uploads\/2022\/12\/Barbara-pour-site-web-20221206_100631-2048x1281.jpg 2048w, https:\/\/lafermepacifique.fr\/wp-content\/uploads\/2022\/12\/Barbara-pour-site-web-20221206_100631-96x60.jpg 96w\" sizes=\"auto, (max-width: 1024px) 100vw, 1024px\" \/><\/figure><div class=\"wp-block-media-text__content\">\n<h4 class=\"wp-block-heading\">Barbara<\/h4>\n\n\n\n<h3 class=\"wp-block-heading\">Caniche Royale (n\u00e9e en 2021)<\/h3>\n\n\n\n<p>Tr\u00e8s douce, agr\u00e9able et \u00e9l\u00e9gante. Elle est intelligente et aime apprendre des nouveaux jeux.<\/p>\n<\/div><\/div>\n\n\n\n<div class=\"wp-block-media-text alignwide is-stacked-on-mobile\"><figure class=\"wp-block-media-text__media\"><img loading=\"lazy\" decoding=\"async\" width=\"1024\" height=\"736\" src=\"https:\/\/lafermepacifique.fr\/wp-content\/uploads\/2023\/12\/Savannah-1024x736.jpg\" alt=\"\" class=\"wp-image-849 size-full\" srcset=\"https:\/\/lafermepacifique.fr\/wp-content\/uploads\/2023\/12\/Savannah-1024x736.jpg 1024w, https:\/\/lafermepacifique.fr\/wp-content\/uploads\/2023\/12\/Savannah-300x216.jpg 300w, https:\/\/lafermepacifique.fr\/wp-content\/uploads\/2023\/12\/Savannah-768x552.jpg 768w, https:\/\/lafermepacifique.fr\/wp-content\/uploads\/2023\/12\/Savannah-1536x1104.jpg 1536w, https:\/\/lafermepacifique.fr\/wp-content\/uploads\/2023\/12\/Savannah-2048x1473.jpg 2048w, https:\/\/lafermepacifique.fr\/wp-content\/uploads\/2023\/12\/Savannah-83x60.jpg 83w\" sizes=\"auto, (max-width: 1024px) 100vw, 1024px\" \/><\/figure><div class=\"wp-block-media-text__content\">\n<h4 class=\"wp-block-heading\">Savannah<\/h4>\n\n\n\n<h3 class=\"wp-block-heading\">lapin extra nain (n\u00e9e en 2023)<\/h3>\n\n\n\n<p>Vive, curieuse, douce et caline<\/p>\n<\/div><\/div>\n\n\n\n<p><\/p>\n","protected":false},"excerpt":{"rendered":"<p>Mambo petit l\u00e9vrier italien (n\u00e9 en 2016) Son poil est soyeux. Doux au toucher et brillant comme le satin. Les personnes qui font des allergies le tol\u00e8rent tr\u00e8s bien. Il est tendre, plaisantin et tr\u00e8s affectueux. Chiquita chihuahua \/ shih tzu (n\u00e9e en 2014) Tr\u00e8s mignonne avec son poil long et dense et ses grandes oreilles. Elle est joyeuse, c\u00e2line, &hellip; <\/p>\n","protected":false},"author":1,"featured_media":207,"parent":16,"menu_order":0,"comment_status":"closed","ping_status":"closed","template":"","meta":{"footnotes":""},"class_list":["post-19","page","type-page","status-publish","has-post-thumbnail","hentry"],"_links":{"self":[{"href":"https:\/\/lafermepacifique.fr\/index.php\/wp-json\/wp\/v2\/pages\/19","targetHints":{"allow":["GET"]}}],"collection":[{"href":"https:\/\/lafermepacifique.fr\/index.php\/wp-json\/wp\/v2\/pages"}],"about":[{"href":"https:\/\/lafermepacifique.fr\/index.php\/wp-json\/wp\/v2\/types\/page"}],"author":[{"embeddable":true,"href":"https:\/\/lafermepacifique.fr\/index.php\/wp-json\/wp\/v2\/users\/1"}],"replies":[{"embeddable":true,"href":"https:\/\/lafermepacifique.fr\/index.php\/wp-json\/wp\/v2\/comments?post=19"}],"version-history":[{"count":16,"href":"https:\/\/lafermepacifique.fr\/index.php\/wp-json\/wp\/v2\/pages\/19\/revisions"}],"predecessor-version":[{"id":853,"href":"https:\/\/lafermepacifique.fr\/index.php\/wp-json\/wp\/v2\/pages\/19\/revisions\/853"}],"up":[{"embeddable":true,"href":"https:\/\/lafermepacifique.fr\/index.php\/wp-json\/wp\/v2\/pages\/16"}],"wp:featuredmedia":[{"embeddable":true,"href":"https:\/\/lafermepacifique.fr\/index.php\/wp-json\/wp\/v2\/media\/207"}],"wp:attachment":[{"href":"https:\/\/lafermepacifique.fr\/index.php\/wp-json\/wp\/v2\/media?parent=19"}],"curies":[{"name":"wp","href":"https:\/\/api.w.org\/{rel}","templated":true}]}}