{"id":16,"date":"2020-10-09T08:20:14","date_gmt":"2020-10-09T06:20:14","guid":{"rendered":"http:\/\/lafermu.cluster026.hosting.ovh.net\/?page_id=16"},"modified":"2020-10-16T15:42:44","modified_gmt":"2020-10-16T13:42:44","slug":"mediation-animale","status":"publish","type":"page","link":"https:\/\/lafermepacifique.fr\/index.php\/mediation-animale\/","title":{"rendered":"M\u00e9diation Animale\/La Zooth\u00e9rapie"},"content":{"rendered":"\n<figure class=\"wp-block-image size-large\"><img loading=\"lazy\" decoding=\"async\" width=\"1024\" height=\"683\" src=\"http:\/\/lafermu.cluster026.hosting.ovh.net\/wp-content\/uploads\/2020\/10\/IMG_5698-1024x683.jpg\" alt=\"Bo\u00eblle au travail\" class=\"wp-image-83\" srcset=\"https:\/\/lafermepacifique.fr\/wp-content\/uploads\/2020\/10\/IMG_5698-1024x683.jpg 1024w, https:\/\/lafermepacifique.fr\/wp-content\/uploads\/2020\/10\/IMG_5698-300x200.jpg 300w, https:\/\/lafermepacifique.fr\/wp-content\/uploads\/2020\/10\/IMG_5698-768x512.jpg 768w, https:\/\/lafermepacifique.fr\/wp-content\/uploads\/2020\/10\/IMG_5698-1536x1024.jpg 1536w, https:\/\/lafermepacifique.fr\/wp-content\/uploads\/2020\/10\/IMG_5698-2048x1365.jpg 2048w, https:\/\/lafermepacifique.fr\/wp-content\/uploads\/2020\/10\/IMG_5698-90x60.jpg 90w\" sizes=\"auto, (max-width: 1024px) 100vw, 1024px\" \/><\/figure>\n\n\n\n<h4 class=\"wp-block-heading\">La Zooth\u00e9rapie ou la M\u00e9diation Animale<br>C\u2019est quoi exactement ?<\/h4>\n\n\n\n<p>C\u2019est une m\u00e9diation qui se pratique professionnellement en individuel ou en petit groupe de six personnes maximum, \u00e0 l&#8217;aide d&#8217;un animal m\u00e9diateur, consciencieusement s\u00e9lectionn\u00e9 et \u00e9duqu\u00e9, sous la responsabilit\u00e9 d\u2019un professionnel, appel\u00e9 \u00ab soit zooth\u00e9rapeute soit l\u2019Intervenant Professionnel en M\u00e9diation Animale \u00bb dans l&#8217;environnement imm\u00e9diat de personnes chez qui l&#8217;on cherche \u00e0 \u00e9veiller des r\u00e9actions visant \u00e0 maintenir ou \u00e0 am\u00e9liorer leur potentiel cognitif, physique, psychosocial ou affectif.<\/p>\n\n\n\n<p>L\u2019Intervenant en M\u00e9diation Animale est un professionnel de la sant\u00e9 ou du social ayant suivi la formation avec succ\u00e8s.<br>La zooth\u00e9rapie implique la pr\u00e9sence d&#8217;un animal lors de s\u00e9ances \u00e0 vis\u00e9e th\u00e9rapeutique. La pr\u00e9sence de l&#8217;animal va dans un premier temps motiver, et apporter du r\u00e9confort aux personnes pr\u00e9sentes. Mais si cela n&#8217;allait pas plus loin que \u00e7a, on ne parlerait pas alors de zooth\u00e9rapie mais plut\u00f4t de s\u00e9ance r\u00e9cr\u00e9ative (comme par exemple pour les chiens visiteurs).<\/p>\n\n\n\n<p>En ce qui concerne la zooth\u00e9rapie, l&#8217;animal seul ne suffit pas. C&#8217;est la pr\u00e9sence de l\u2019Intervenant, qui va interpr\u00e9ter et mettre en lien ce qui se passe lors de la s\u00e9ance, qui fera la diff\u00e9rence. Ainsi l\u2019Intervenant permettra \u00e0 la personne de prendre conscience de certains de ses sentiments, il expliquera les raisons pour lesquelles l&#8217;animal a eu telle ou telle r\u00e9action face au comportement de la personne, il mettra en mots les r\u00e9actions de chacun, les sentiments suppos\u00e9s, il guidera les s\u00e9ances afin qu&#8217;elles s&#8217;orientent vers les objectifs \u00e0 atteindre, en accord avec le personnel soignant ou la famille de la personne, etc.<br>Chaque s\u00e9ance sera diff\u00e9rente, et la pr\u00e9sence d&#8217;un Intervenant est indispensable \u00e0 un r\u00e9el travail.<br>Il existe une multitude d&#8217;applications possibles \u00e0 la zooth\u00e9rapie. Chaque projet m\u00e9rite d&#8217;\u00eatre examin\u00e9 afin que l&#8217;atelier mis en place corresponde aux besoins de la personne. Ceci sera fait en partenariat avec les membres de la famille ou de l&#8217;institution.<\/p>\n\n\n\n<h4 class=\"wp-block-heading\">Pour qui ?<\/h4>\n\n\n\n<p>La m\u00e9diation animale pr\u00e9sente des b\u00e9n\u00e9fices :<\/p>\n\n\n\n<ul class=\"wp-block-list\"><li>pour des enfants et adultes pr\u00e9sentant des d\u00e9ficiences intellectuelles, des troubles envahissants du d\u00e9veloppement, l&#8217;autisme, des troubles du comportement, une trisomie, des polyhandicaps, des handicaps physiques.<\/li><li>pour des enfants et adolescents en difficult\u00e9s sociales, familiales ou en \u00e9chec scolaire.<\/li><li>pour les personnes \u00e2g\u00e9es (maladie d\u2019Alzheimer, en perte d&#8217;autonomie).<\/li><li>toute personne en ressentant le besoin.<\/li><\/ul>\n\n\n\n<h4 class=\"wp-block-heading\">Pourquoi ?<\/h4>\n\n\n\n<p>Les objectifs sont de venir en aide \u00e0 toute personne en ayant besoin dans le but d&#8217;am\u00e9liorer sa qualit\u00e9 de vie gr\u00e2ce au contact des animaux.<\/p>\n\n\n\n<p>En 2003, une \u00e9tude a abouti \u00e0 des conclusions surprenantes. Les propri\u00e9taires d\u2019animaux de compagnie seraient en meilleure sant\u00e9 que les non-propri\u00e9taires et fr\u00e9quenteraient en cons\u00e9quence beaucoup moins les salles d\u2019attente des m\u00e9decins. Un ph\u00e9nom\u00e8ne qui permettrait de faire des \u00e9conomies dans le domaine de la sant\u00e9\u2026<br>La pr\u00e9sence de l\u2019animal influe sur la sant\u00e9 de l\u2019homme.<\/p>\n\n\n<div class='photonic-flickr-stream photonic-stream ' id='photonic-flickr-stream-1'>\n\t<div id='photonic-flickr-stream-1-container' class='title-display-tooltip photonic-level-1-container photonic-standard-layout photonic-thumbnail-effect-none sizes-present'  data-photonic-platform=\"flickr\" data-photonic-query=\"columns=3&amp;layout=square&amp;more=&amp;display=in-page&amp;panel=&amp;filter=&amp;filter_type=include&amp;fx=slide&amp;timeout=4000&amp;speed=1000&amp;pause=1&amp;strip-style=thumbs&amp;controls=show&amp;popup=hide&amp;custom_classes=&amp;alignment=&amp;photo_layout=square&amp;caption=none&amp;thumb_size=q&amp;main_size=none&amp;tile_size=same&amp;video_size=Video Original&amp;privacy_filter=&amp;count=3&amp;page=1&amp;paginate=&amp;collections_display=expanded&amp;user_id=190485393@N05&amp;collection_id=&amp;photoset_id=&amp;gallery_id=&amp;photo_id=&amp;media=photos&amp;type=flickr&amp;style=default&amp;view=photos&amp;tags=mediationanimale&amp;tag_mode=any&amp;iterate_level_3=1&amp;per_page=3&amp;photo_count=3&amp;overlay_size=q&amp;overlay_video_size=Video Original\"  data-photonic-gallery-columns=\"3\" style='--tile-min-height: 200px'>\n<figure class='photonic-gallery-3c photonic-level-1 photonic-thumb'  style='--dw: 150; --dh: 150' >\n\t\t\t<a  class='photonic-launch-gallery launch-gallery-baguettebox baguettebox'  rel='lightbox-photonic-flickr-stream-1'  href=\"https:\/\/live.staticflickr.com\/65535\/50494864152_0dd58c7c02.jpg\" title=\"\" data-title=\"&lt;a href=&#039;https:\/\/www.flickr.com\/photos\/190485393@N05\/50494864152&#039; &gt;View&lt;\/a&gt;\" data-photonic-tooltip=\"\"   data-photonic-media-type=\"image\"  data-content-type=\"image\"  data-photonic-deep=\"gallery[photonic-flickr-stream-1]\/50494864152\/\" >\n\t\t\t\t<img decoding=\"async\" alt=\"IMG_5443\" src=\"https:\/\/farm66.staticflickr.com\/65535\/50494864152_0dd58c7c02_q.jpg\"  class='square'  loading='eager'  width='150' height='150' \/>\n\t\t\t\t\n\t\t\t<\/a>\n\t\t<\/figure>\n\t\t<figure class='photonic-gallery-3c photonic-level-1 photonic-thumb'  style='--dw: 150; --dh: 150' >\n\t\t\t<a  class='photonic-launch-gallery launch-gallery-baguettebox baguettebox'  rel='lightbox-photonic-flickr-stream-1'  href=\"https:\/\/live.staticflickr.com\/65535\/50494001608_5005094f1e.jpg\" title=\"\" data-title=\"&lt;a href=&#039;https:\/\/www.flickr.com\/photos\/190485393@N05\/50494001608&#039; &gt;View&lt;\/a&gt;\" data-photonic-tooltip=\"\"   data-photonic-media-type=\"image\"  data-content-type=\"image\"  data-photonic-deep=\"gallery[photonic-flickr-stream-1]\/50494001608\/\" >\n\t\t\t\t<img decoding=\"async\" alt=\"IMG_5538\" src=\"https:\/\/farm66.staticflickr.com\/65535\/50494001608_5005094f1e_q.jpg\"  class='square'  loading='eager'  width='150' height='150' \/>\n\t\t\t\t\n\t\t\t<\/a>\n\t\t<\/figure>\n\t\t<figure class='photonic-gallery-3c photonic-level-1 photonic-thumb'  style='--dw: 150; --dh: 150' >\n\t\t\t<a  class='photonic-launch-gallery launch-gallery-baguettebox baguettebox'  rel='lightbox-photonic-flickr-stream-1'  href=\"https:\/\/live.staticflickr.com\/65535\/50494697681_ac18ef32c2.jpg\" title=\"\" data-title=\"&lt;a href=&#039;https:\/\/www.flickr.com\/photos\/190485393@N05\/50494697681&#039; &gt;View&lt;\/a&gt;\" data-photonic-tooltip=\"\"   data-photonic-media-type=\"image\"  data-content-type=\"image\"  data-photonic-deep=\"gallery[photonic-flickr-stream-1]\/50494697681\/\" >\n\t\t\t\t<img decoding=\"async\" alt=\"BB IMG_5583\" src=\"https:\/\/farm66.staticflickr.com\/65535\/50494697681_ac18ef32c2_q.jpg\"  class='square'  loading='eager'  width='150' height='150' \/>\n\t\t\t\t\n\t\t\t<\/a>\n\t\t<\/figure>\n\t<\/div> <!-- .\/photonic-level-1-container -->\n<span id='photonic-flickr-stream-1-container-end'><\/span>\n<\/div><!-- .photonic-stream or .photonic-panel -->\n","protected":false},"excerpt":{"rendered":"<p>La Zooth\u00e9rapie ou la M\u00e9diation AnimaleC\u2019est quoi exactement ? C\u2019est une m\u00e9diation qui se pratique professionnellement en individuel ou en petit groupe de six personnes maximum, \u00e0 l&#8217;aide d&#8217;un animal m\u00e9diateur, consciencieusement s\u00e9lectionn\u00e9 et \u00e9duqu\u00e9, sous la responsabilit\u00e9 d\u2019un professionnel, appel\u00e9 \u00ab soit zooth\u00e9rapeute soit l\u2019Intervenant Professionnel en M\u00e9diation Animale \u00bb dans l&#8217;environnement imm\u00e9diat de personnes chez qui l&#8217;on cherche &hellip; <\/p>\n","protected":false},"author":1,"featured_media":425,"parent":0,"menu_order":0,"comment_status":"closed","ping_status":"closed","template":"","meta":{"footnotes":""},"class_list":["post-16","page","type-page","status-publish","has-post-thumbnail","hentry"],"_links":{"self":[{"href":"https:\/\/lafermepacifique.fr\/index.php\/wp-json\/wp\/v2\/pages\/16","targetHints":{"allow":["GET"]}}],"collection":[{"href":"https:\/\/lafermepacifique.fr\/index.php\/wp-json\/wp\/v2\/pages"}],"about":[{"href":"https:\/\/lafermepacifique.fr\/index.php\/wp-json\/wp\/v2\/types\/page"}],"author":[{"embeddable":true,"href":"https:\/\/lafermepacifique.fr\/index.php\/wp-json\/wp\/v2\/users\/1"}],"replies":[{"embeddable":true,"href":"https:\/\/lafermepacifique.fr\/index.php\/wp-json\/wp\/v2\/comments?post=16"}],"version-history":[{"count":9,"href":"https:\/\/lafermepacifique.fr\/index.php\/wp-json\/wp\/v2\/pages\/16\/revisions"}],"predecessor-version":[{"id":540,"href":"https:\/\/lafermepacifique.fr\/index.php\/wp-json\/wp\/v2\/pages\/16\/revisions\/540"}],"wp:featuredmedia":[{"embeddable":true,"href":"https:\/\/lafermepacifique.fr\/index.php\/wp-json\/wp\/v2\/media\/425"}],"wp:attachment":[{"href":"https:\/\/lafermepacifique.fr\/index.php\/wp-json\/wp\/v2\/media?parent=16"}],"curies":[{"name":"wp","href":"https:\/\/api.w.org\/{rel}","templated":true}]}}